{"id":574,"date":"2024-02-16T00:05:16","date_gmt":"2024-02-16T00:05:16","guid":{"rendered":"https:\/\/viveskyfest.com\/presentacion\/?page_id=574"},"modified":"2024-02-16T00:53:23","modified_gmt":"2024-02-16T00:53:23","slug":"terminosycondiciones","status":"publish","type":"page","link":"https:\/\/www.viveskyfest.com\/presentacion\/terminosycondiciones\/","title":{"rendered":"T\u00c9RMINOS Y CONDICIONES"},"content":{"rendered":"\t\t<div data-elementor-type=\"wp-page\" data-elementor-id=\"574\" class=\"elementor elementor-574\" data-elementor-post-type=\"page\">\n\t\t\t\t\t\t<section class=\"elementor-section elementor-top-section elementor-element elementor-element-39d0dfbb elementor-section-boxed elementor-section-height-default elementor-section-height-default\" data-id=\"39d0dfbb\" data-element_type=\"section\" data-e-type=\"section\" data-settings=\"{&quot;background_background&quot;:&quot;classic&quot;}\">\n\t\t\t\t\t\t<div class=\"elementor-container elementor-column-gap-default\">\n\t\t\t\t\t<div class=\"elementor-column elementor-col-100 elementor-top-column elementor-element elementor-element-66232bf3\" data-id=\"66232bf3\" data-element_type=\"column\" data-e-type=\"column\">\n\t\t\t<div class=\"elementor-widget-wrap elementor-element-populated\">\n\t\t\t\t\t\t<div class=\"elementor-element elementor-element-2dfa51a6 elementor-widget elementor-widget-text-editor\" data-id=\"2dfa51a6\" data-element_type=\"widget\" data-e-type=\"widget\" data-widget_type=\"text-editor.default\">\n\t\t\t\t<div class=\"elementor-widget-container\">\n\t\t\t\t\t\t\t\t\t<p><\/p>\n<h2 class=\"wp-block-heading\"><strong>T\u00e9rminos y Condiciones<\/strong><\/h2>\n<p><\/p>\n<ol>\n<li><strong> TERMINOS Y CONDICIONES.<\/strong><\/li>\n<\/ol>\n<p>Al utilizar este portal cuyo nombre de dominio corresponde a\u00a0<strong><em>Skyfest<\/em><\/strong>, propiedad de Jesus Emmanuel Sanchez Carbajal<strong>,<\/strong>\u00a0el Usuario acepta de forma t\u00e1cita los t\u00e9rminos y condiciones estipulados en cuerpo del presente convenio. En tal sentido, atribuye autom\u00e1ticamente a quien lo utiliza la condici\u00f3n de Usuario, siendo estas tanto personas f\u00edsicas como jur\u00eddicas que lo utilicen como consumidores, o profesionales dedicados a cualquier ramo. Si el Usuario desea rechazar someterse a los mismos, deber\u00e1 abstener su acceso a la presente pagina o \u00a0software <strong><em>app.viveskyfest.com<\/em><\/strong> toda vez que su uso implica una manifestaci\u00f3n de consentimiento hacia todas y cada una de las condiciones incluidas en el presente convenio.<\/p>\n<p>Aunado a lo anterior, se hace de su conocimiento que los t\u00e9rminos y condiciones de uso podr\u00e1n ser modificados cuando la comercial\u00a0<strong><em>Skyfest<\/em><\/strong> as\u00ed lo considere, siendo responsabilidad del Usuario la supervisi\u00f3n de modificaciones y adecuaciones al presente convenio para posteriores accesos. Al respecto, el Usuario puede imprimir o descargar el presente convenio de t\u00e9rminos y condiciones, toda vez que se mantienen en car\u00e1cter de permanentes en el presente software de\u00a0<strong><em>Skyfest<\/em><\/strong><\/p>\n<ol>\n<li><strong> CONVENIO.<\/strong><\/li>\n<\/ol>\n<p>El presente convenio tiene car\u00e1cter adhesivo para el uso y acceso \u00a0del software\u00a0<strong><em>app.viveskyfest.com y www.viveskyfest.com<\/em><\/strong>, siendo las partes que intervienen en el mismo, la comercial conocida como\u00a0<strong><em>Skyfest<\/em><\/strong><strong>,<\/strong>\u00a0en el municipio de Zapopan, Jalisco., y el Usuario que accede al presente software o sitio web por el que estuviere haciendo uso el Usuario, se sujetar\u00e1 a los cap\u00edtulos, incisos y d\u00edgitos que se se\u00f1alan a continuaci\u00f3n:<\/p>\n<ol>\n<li>a) Se entender\u00e1 como \u201cUsuario\u201d cualquier persona f\u00edsica o moral, que acceda al software denominado comercialmente como\u00a0<strong><em>Skyfest<\/em><\/strong>y subp\u00e1ginas o aplicaciones m\u00f3viles que de este se deriven, ya sea en calidad de visitante o contratante de nuestros servicios y productos.<\/li>\n<li>b) Se concede al Usuario un derecho limitado de uso, en consecuencia, queda prohibido utilizar el contenido interno del presente software para efectos comerciales o no comerciales ante terceros. La informaci\u00f3n y contenido del presente dominio puede tener un uso personal y exclusivo, de lo contrario podr\u00e1n violarse normas relativas a la propiedad industrial, derechos de autor o normas de propiedad intelectual aplicables.<\/li>\n<li>c) La informaci\u00f3n, mensajes y dem\u00e1s contenido aportado por los Usuarios, contienen \u00fanica y exclusivamente las opiniones de sus remitentes, por ende, tal contenido es responsabilidad \u00fanica de los mismos.<\/li>\n<\/ol>\n<p><strong>III. OBJETO.<\/strong><\/p>\n<p>El objeto del presente convenio concierne a aquellos usuarios que se han contratado los servicios de reservaciones o cualqiuier otro brindados por <strong><em>Skyfest<\/em><\/strong><strong>,<\/strong>\u00a0as\u00ed como para proveedores que oferten servicios asociados con estos.<\/p>\n<p>En tal sentido,\u00a0<strong><em>Skyfest<\/em><\/strong>, ofrece herramientas tecnol\u00f3gicas y digitales a un publico objetivo interesado en adquirir sus sevicios<strong>,\u00a0<\/strong>facilitando a estos el ingreso de informaci\u00f3n, siempre y cuando esta no vulnere preceptos legales aplicables y vigentes, o que, en su caso, a criterio de <strong><em>Skyfest<\/em><\/strong><strong>,\u00a0<\/strong>se consideren inapropiados o faltos de probidad y honradez.<\/p>\n<ol>\n<li><strong> REGLAS DE USO.<\/strong><\/li>\n<\/ol>\n<p>El Usuario en todo momento har\u00e1 un uso del software\u00a0propiedad de <strong><em>Skyfest<\/em><\/strong>, con apego a las leyes aplicables y buenas costumbres, lo anterior, tanto para personas f\u00edsicas como morales que accedan al software aludido, ya sea como usuarios o proveedores.<\/p>\n<p><strong><em>Skyfest<\/em><\/strong><strong>,\u00a0<\/strong>podr\u00e1 solicitar a los Usuarios que infrinjan cualquier tipo de norma, as\u00ed como a Usuarios contratantes de servicios, documentaci\u00f3n suficiente y necesaria para esclarecer de forma fehaciente usos inadecuados del software, espec\u00edficamente en los puntos que de forma enunciativa se se\u00f1alan a continuaci\u00f3n: informaci\u00f3n del tipo bancaria que parezca sospechosa o en su caso informaci\u00f3n del tipo fiscal, posibles suplantaciones de identidad, entre otros. Reserv\u00e1ndose el derecho de dar de baja a Usuarios que no faciliten tal informaci\u00f3n y\/o de los cuales se determine, a criterio de\u00a0<strong><em>Skyfest<\/em><\/strong><strong>,\u00a0<\/strong>la existencia de informaci\u00f3n vulnerable o que incumpla con la normativa aplicable.<\/p>\n<p>El uso del software\u00a0<strong><em>Skyfest<\/em><\/strong>, no requiere suscripciones econ\u00f3micas por parte de los Usuarios, no obstante, para la eficiencia de su uso, podr\u00e1 requerir informaci\u00f3n general del usuario como lo puede ser, de forma enunciativa: su nombre, correo electr\u00f3nico, edad, entre otros.<\/p>\n<p>El usuario puede ser poseedor de una contrase\u00f1a, la cual\u00a0<strong><em>Skyfest<\/em><\/strong><strong>,<\/strong>\u00a0se obliga a jam\u00e1s transferir a terceros, siendo la custodia de esta, \u00fanica y exclusiva del Usuario de nuestros servicios.<\/p>\n<p><strong>Aunado anterior, las partes se someten al contenido de los d\u00edgitos que se se\u00f1alan a continuaci\u00f3n:<\/strong><\/p>\n<ol>\n<li>La comercial\u00a0<strong><em>Skyfest<\/em><\/strong>, se reserva el derecho de bloquear el acceso del Usuario cuando se adviertan malas pr\u00e1cticas en su uso, en consecuencia, se podr\u00e1 eliminar toda opini\u00f3n que busque deteriorar el prestigio del Sitio Web o de <strong><em>Skyfest<\/em><\/strong>, ya sea de forma difamatoria, fraudulenta, denostativa, enga\u00f1osa, o cualquier otra que a juicio de la moral aludida sea falta de probidad y honradez, sin que esto implique una censura hacia el Usuario, pues aquellos comentarios u opiniones que de forma proba busquen mejorar su satisfacci\u00f3n final, ser\u00e1n atendidos y sometidos a un tratamiento distinto, para garantizar la mayor calidad en nuestros servicios.<\/li>\n<li>Los Usuarios consienten que las fotograf\u00edas tomadas durante el evento y capturadas por el equipo de <strong><em>Skyfest<\/em><\/strong>, podr\u00e1n ser utilizadas con fines publicitarios, o formar parte del dise\u00f1o del material impreso o digital <strong><em>Skyfest.<\/em><\/strong> <strong><em>Skyfest <\/em><\/strong>hace del conocimiento del usuario las opciones y medios para limitar el uso o divulgacion de datos en el apartado numero V del <a href=\"https:\/\/www.viveskyfest.com\/presentacion\/avisodeprivacidad\/\">Aviso de Privacidad.<\/a><\/li>\n<li>El Usuario se compromete a no registrar fotograf\u00edas vulnerables, que deprecien la intimidad u honor de los asistentes del evento.<\/li>\n<li><strong> DERECHOS DE AUTOR Y PROPIEDAD INDUSTRIAL.<\/strong><\/li>\n<\/ol>\n<p>Los logotipos y material contenido en el <strong><em>app.viveskyfest.com y la pagina www.viveskyfest.com<\/em><\/strong>, (marcas, dominios, nombres comerciales, fotograf\u00edas, im\u00e1genes, y en general toda la informaci\u00f3n integrada en el presente software) revisten el car\u00e1cter de derechos de autor y propiedad industrial en beneficio de la comercial <strong><em>Skyfest<\/em><\/strong> <strong>,\u00a0<\/strong>en consecuencia, queda prohibido para el Usuario realizar cualquier tipo de modificaci\u00f3n total o parcial sobre su contenido.<\/p>\n<p><strong><em>Skyfest<\/em><\/strong><strong>.,<\/strong>\u00a0queda excluida de todo tipo de responsabilidad judicial, por las publicaciones emitidas por el Usuario, cuando estas impliquen perjuicio a terceros; violen derechos de autor, derechos de propiedad industrial o cualquier otra norma de propiedad intelectual aplicable. Ante tal caso, se eliminar\u00e1 o bloquear\u00e1 tal contenido, en tanto se tenga conocimiento que este infringe derechos relativos a terceros de cuyo contenido como se se\u00f1ala, el Usuario ser\u00e1 el titular de sus respectivos derechos de propiedad intelectual e industrial durante la vigencia en que estos se encuentren integrados en el software\u00a0o redes sociales de <strong><em>Skyfest<\/em><\/strong><\/p>\n<p>No obstante, el Usuario autoriza a\u00a0<strong><em>Skyfest<\/em><\/strong><strong>,\u00a0<\/strong>a difundir en cualquiera de las redes sociales, softwares, sitios web, o aplicaciones m\u00f3viles donde tenga presencia, con fines publicitarios, y siempre que el contenido subido por el Usuario no trasgreda normas aplicables vigentes.<\/p>\n<ol>\n<li><strong> MATERIAL PUBLICITARIO.<\/strong><\/li>\n<\/ol>\n<p>La informaci\u00f3n que se comparte por medio del software <strong><em>app.viveskyfest.com y la pagina www.viveskyfest.com<\/em><\/strong>\u00a0 puede formar parte del contenido principal de este dominio o provenir de proveedores y socios con quienes se mantienen alianzas comerciales para promocionar sus productos y servicios.<\/p>\n<p>El Usuario que contrate productos o servicios provenientes de publicidad propia de nuestros proveedores o socios, se somete a las disposiciones por ellos estipuladas, toda vez que este portal s\u00f3lo funge como un intermediario que visibiliza servicios y productos ofertados por hoteles y hospedajes que as\u00ed lo autorizan.<\/p>\n<p><strong>VII. INDEMNIZACI\u00d3N.<\/strong><\/p>\n<p>Para el caso de incumplimiento de las normas que integran el presente convenio que afecten de forma directa o indirecta a la comercial <strong><em>Skyfest<\/em><\/strong><strong>,\u00a0<\/strong>por un mal uso del <strong><em>app.viveskyfest.com y la pagina www.viveskyfest.com<\/em><\/strong>, el Usuario se compromete a indemnizar a la moral aludida, as\u00ed como a sus afiliados, socios y proveedores, por todo tipo de acci\u00f3n judicial que se derive del incumplimiento del presente convenio o malas pr\u00e1cticas comerciales, incluyendo a su vez, pagos de costas y honorarios para el caso de representaciones legales.<\/p>\n<p><strong>VIII. FORMAS DE PAGO.<\/strong><\/p>\n<p>El Usuario autoriza el cargo autom\u00e1tico a su cuenta de d\u00e9bito o cr\u00e9dito, as\u00ed como otros medios de pago habilitados por la plataforma, por concepto de servicios o productos contratados. Para el caso de requerir factura, los datos para su elaboraci\u00f3n deber\u00e1n ser proporcionados por el Usuario al momento de realizar cada pago y estos tendr\u00e1n un trato acorde a los lineamientos establecidos por el\u00a0<a href=\"https:\/\/www.viveskyfest.com\/presentacion\/avisodeprivacidad\/\">Aviso de Privacidad<\/a>\u00a0que se pone a su disposici\u00f3n.<\/p>\n<ol>\n<li><strong> LEGISLACION APLICABLE.<\/strong><\/li>\n<\/ol>\n<p>Las condiciones generales del presente convenio de t\u00e9rminos y condiciones se regir\u00e1n por la legislaci\u00f3n aplicable al interior de la jurisdicci\u00f3n local de Jalisco, renunci\u00e1ndose por parte de los interesados a recurrir a cualquier otro tipo de fuero, someti\u00e9ndose a juzgados y tribunales del estado de Jalisco.<\/p>\n<ol>\n<li><strong> POL\u00cdTICA DE PRIVACIDAD.<\/strong><\/li>\n<\/ol>\n<p>Para consultar las pol\u00edticas de privacidad se pone a su disposici\u00f3n el presente\u00a0<a href=\"https:\/\/www.viveskyfest.com\/presentacion\/avisodeprivacidad\/\">Aviso de Privacidad.<\/a><\/p>\n<p><\/p>\t\t\t\t\t\t\t\t<\/div>\n\t\t\t\t<\/div>\n\t\t\t\t<div class=\"elementor-element elementor-element-14a0976 elementor-align-center elementor-widget elementor-widget-button\" data-id=\"14a0976\" data-element_type=\"widget\" data-e-type=\"widget\" data-widget_type=\"button.default\">\n\t\t\t\t<div class=\"elementor-widget-container\">\n\t\t\t\t\t\t\t\t\t<div class=\"elementor-button-wrapper\">\n\t\t\t\t\t<a class=\"elementor-button elementor-button-link elementor-size-sm\" href=\"https:\/\/www.viveskyfest.com\/presentacion\/\">\n\t\t\t\t\t\t<span class=\"elementor-button-content-wrapper\">\n\t\t\t\t\t\t<span class=\"elementor-button-icon\">\n\t\t\t\t<i aria-hidden=\"true\" class=\"fas fa-home\"><\/i>\t\t\t<\/span>\n\t\t\t\t\t\t\t\t<\/span>\n\t\t\t\t\t<\/a>\n\t\t\t\t<\/div>\n\t\t\t\t\t\t\t\t<\/div>\n\t\t\t\t<\/div>\n\t\t\t\t\t<\/div>\n\t\t<\/div>\n\t\t\t\t\t<\/div>\n\t\t<\/section>\n\t\t\t\t<\/div>\n\t\t","protected":false},"excerpt":{"rendered":"<p>T\u00e9rminos y Condiciones TERMINOS Y CONDICIONES. Al utilizar este portal cuyo nombre de dominio corresponde a\u00a0Skyfest, propiedad de Jesus Emmanuel Sanchez Carbajal,\u00a0el Usuario acepta de forma t\u00e1cita los t\u00e9rminos y condiciones estipulados en cuerpo del presente convenio. En tal sentido, atribuye autom\u00e1ticamente a quien lo utiliza la condici\u00f3n de Usuario, siendo estas tanto personas f\u00edsicas [&hellip;]<\/p>\n","protected":false},"author":1,"featured_media":0,"parent":0,"menu_order":0,"comment_status":"closed","ping_status":"closed","template":"elementor_canvas","meta":{"footnotes":""},"class_list":["post-574","page","type-page","status-publish","hentry"],"_links":{"self":[{"href":"https:\/\/www.viveskyfest.com\/presentacion\/wp-json\/wp\/v2\/pages\/574","targetHints":{"allow":["GET"]}}],"collection":[{"href":"https:\/\/www.viveskyfest.com\/presentacion\/wp-json\/wp\/v2\/pages"}],"about":[{"href":"https:\/\/www.viveskyfest.com\/presentacion\/wp-json\/wp\/v2\/types\/page"}],"author":[{"embeddable":true,"href":"https:\/\/www.viveskyfest.com\/presentacion\/wp-json\/wp\/v2\/users\/1"}],"replies":[{"embeddable":true,"href":"https:\/\/www.viveskyfest.com\/presentacion\/wp-json\/wp\/v2\/comments?post=574"}],"version-history":[{"count":11,"href":"https:\/\/www.viveskyfest.com\/presentacion\/wp-json\/wp\/v2\/pages\/574\/revisions"}],"predecessor-version":[{"id":608,"href":"https:\/\/www.viveskyfest.com\/presentacion\/wp-json\/wp\/v2\/pages\/574\/revisions\/608"}],"wp:attachment":[{"href":"https:\/\/www.viveskyfest.com\/presentacion\/wp-json\/wp\/v2\/media?parent=574"}],"curies":[{"name":"wp","href":"https:\/\/api.w.org\/{rel}","templated":true}]}}